{"id":27292,"date":"2023-03-08T10:22:12","date_gmt":"2023-03-08T09:22:12","guid":{"rendered":"https:\/\/roootz.com\/?post_type=product&#038;p=27292"},"modified":"2025-11-06T16:50:56","modified_gmt":"2025-11-06T15:50:56","slug":"plateau-de-courtoisie-nespresso-venezia","status":"publish","type":"product","link":"https:\/\/www.roootz.com\/fr\/plateaux-de-courtoisie\/plateau-de-courtoisie-nespresso-venezia\/","title":{"rendered":"Plateau de Courtoisie Nespresso"},"content":{"rendered":"<p>Un <strong>Plateau de Courtoisie haut de gamme<\/strong> pouvant accueillir une machine \u00e0 caf\u00e9 (Nespresso), une bouilloire, des tasses et divers condiments. Fabriqu\u00e9 en plastique ABS r\u00e9sistant \u00e0 la chaleur, ce plateau offre une excellente protection contre la chaleur, l\u2019eau, les taches et les rayures.<\/p>\n<p>La base de la bouilloire est int\u00e9gr\u00e9e au plateau et le cordon d\u2019alimentation peut \u00eatre s\u00e9curis\u00e9 gr\u00e2ce \u00e0 un <strong>syst\u00e8me antivol.<\/strong><br \/>\nCe Plateau de Courtoisie pour le caf\u00e9 et le th\u00e9 est \u00e9galement \u00e9quip\u00e9 d\u2019un <strong>bac \u00e9gouttoir perfor\u00e9 en acier inoxydable<\/strong>, amovible pour un nettoyage facile, permettant \u00e0 vos clients de d\u00e9poser leurs sachets de th\u00e9 usag\u00e9s.<\/p>\n<p>Un atout unique de ce plateau est son <strong>porte-d\u00e9pliants A5<\/strong>, qui permet de le personnaliser enti\u00e8rement. Par exemple, cr\u00e9ez un d\u00e9pliant aux couleurs de votre h\u00f4tel pour communiquer facilement des informations \u00e0 vos clients : offres sp\u00e9ciales, cha\u00eenes de t\u00e9l\u00e9vision ou instructions pour la machine \u00e0 caf\u00e9.<br \/>\nRoootz fournit par d\u00e9faut un d\u00e9pliant A5 \u00e9l\u00e9gant avec le texte \u00ab\u202fSavourez votre caf\u00e9\/th\u00e9\u202f\u00bb.<\/p>\n<p>Avec le Plateau de Courtoisie Roootz Venezia, vous obtenez un <strong>plateau \u00e0 caf\u00e9 et \u00e0 th\u00e9 \u00e9conomique<\/strong> en plastique, au design luxueux et offrant un espace g\u00e9n\u00e9reux pour tout ce dont vos clients ont besoin.<\/p>\n","protected":false},"excerpt":{"rendered":"<ul>\n<li>Fabriqu\u00e9 en ABS r\u00e9sistant \u00e0 la chaleur, couleur noir<\/li>\n<li>Assez d\u2019espace pour ranger une\u00a0<a title=\"Machine \u00e0 caf\u00e9 pour h\u00f4tels\" href=\"https:\/\/www.roootz.com\/fr\/?attachment_id=35493\" target=\"_blank\" rel=\"noopener noreferrer\">cafeti\u00e8re roootz CUP<\/a>\u00a0(ou Nespresso INISSIA, PIXIE, ESSENZA, CITIZ, ZENIUS, VERTUO)<\/li>\n<li>Bac d\u2019\u00e9gouttage en acier inoxydable pour les sachets de th\u00e9 usag\u00e9s<\/li>\n<li>Disponible avec les bouilloires de haute qualit\u00e9<\/li>\n<li>Antivol : Le c\u00e2ble peut \u00eatre fix\u00e9 au plateau<\/li>\n<li>Compartiments pour les sachets (3x) et les capsules de caf\u00e9 (4x)<\/li>\n<li>En option : Porte-brochures A5 et tasses en porcelaine h\u00f4teli\u00e8re ou verres \u00e0 th\u00e9<\/li>\n<li>Facile \u00e0 nettoyer<\/li>\n<li>Avec l\u2019achat de chaque lot de 3 produits Roootz, Roootz plantera un arbre en coop\u00e9ration avec <a href=\"https:\/\/partners.weforest.org\/sponsor\/roootz\" target=\"_blank\" rel=\"noopener\">weforest.org<\/a><\/li>\n<\/ul>\n","protected":false},"featured_media":31537,"template":"","meta":{"_acf_changed":false},"product_brand":[],"product_cat":[94],"product_tag":[164],"class_list":{"0":"post-27292","1":"product","2":"type-product","3":"status-publish","4":"has-post-thumbnail","6":"product_cat-plateaux-de-courtoisie","7":"product_tag-164","9":"first","10":"instock","11":"shipping-taxable","12":"product-type-simple"},"acf":[],"aioseo_notices":[],"_links":{"self":[{"href":"https:\/\/www.roootz.com\/fr\/wp-json\/wp\/v2\/product\/27292","targetHints":{"allow":["GET"]}}],"collection":[{"href":"https:\/\/www.roootz.com\/fr\/wp-json\/wp\/v2\/product"}],"about":[{"href":"https:\/\/www.roootz.com\/fr\/wp-json\/wp\/v2\/types\/product"}],"wp:featuredmedia":[{"embeddable":true,"href":"https:\/\/www.roootz.com\/fr\/wp-json\/wp\/v2\/media\/31537"}],"wp:attachment":[{"href":"https:\/\/www.roootz.com\/fr\/wp-json\/wp\/v2\/media?parent=27292"}],"wp:term":[{"taxonomy":"product_brand","embeddable":true,"href":"https:\/\/www.roootz.com\/fr\/wp-json\/wp\/v2\/product_brand?post=27292"},{"taxonomy":"product_cat","embeddable":true,"href":"https:\/\/www.roootz.com\/fr\/wp-json\/wp\/v2\/product_cat?post=27292"},{"taxonomy":"product_tag","embeddable":true,"href":"https:\/\/www.roootz.com\/fr\/wp-json\/wp\/v2\/product_tag?post=27292"}],"curies":[{"name":"wp","href":"https:\/\/api.w.org\/{rel}","templated":true}]}}