{"id":24801,"date":"2025-06-13T10:04:11","date_gmt":"2025-06-13T08:04:11","guid":{"rendered":"https:\/\/roootz.com\/product\/centres-de-repassage-pour-chambre-dhotel-avec-fer-a-vapeur\/"},"modified":"2025-11-19T14:20:48","modified_gmt":"2025-11-19T13:20:48","slug":"centres-de-repassage-pour_hotel","status":"publish","type":"product","link":"https:\/\/www.roootz.com\/fr\/centres-de-repassage\/centres-de-repassage-pour_hotel\/","title":{"rendered":"Centres de repassage pour chambre d\u2019h\u00f4tel avec Fer \u00e0 vapeur"},"content":{"rendered":"<p>Le SET Station de repassage EASY est un <strong>ensemble de repassage h\u00f4telier tr\u00e8s compact<\/strong>, compos\u00e9 d\u2019une <strong>planche \u00e0 repasser r\u00e9glable en hauteur avec housse \u00e9lastique<\/strong>, d\u2019un puissant <strong>fer \u00e0 vapeur<\/strong> de 1600 W et d\u2019un <strong>support pour fer<\/strong> r\u00e9sistant \u00e0 la chaleur avec crochet de suspension.<\/p>\n<p>La planche \u00e0 repasser est livr\u00e9e avec un <strong>support pratique<\/strong>, facile \u00e0 fixer avec des vis papillon, incluant un <strong>crochet int\u00e9gr\u00e9<\/strong> pour accrocher la planche facilement dans une armoire. Le support pour fer peut pivoter \u00e0 <strong>360\u00b0<\/strong> et convient aux droitiers comme aux gauchers.<\/p>\n<p>Gr\u00e2ce \u00e0 ses dimensions compactes, cette station de repassage est id\u00e9ale pour les chambres d\u2019h\u00f4tel disposant de peu d\u2019espace dans les placards. Le SET Station de repassage EASY offre la solution parfaite pour ranger la planche de mani\u00e8re pratique et ordonn\u00e9e.<\/p>\n<p>Le fer \u00e0 vapeur est sp\u00e9cialement con\u00e7u pour une utilisation h\u00f4teli\u00e8re et dispose de puissantes fonctions vapeur. Il est autonettoyant, ergonomique et \u00e9quip\u00e9 d\u2019une semelle antiadh\u00e9sive. La s\u00e9curit\u00e9 est renforc\u00e9e par une fonction d\u2019arr\u00eat automatique et une protection contre la surchauffe.<\/p>\n","protected":false},"excerpt":{"rendered":"<p>Centre de repassage ENSEMBLE\u00a0: planche \u00e0 repasser, support de fer flexible avec crochet, fer \u00e0 vapeur 1\u00a0600\u00a0W<\/p>\n<ul>\n<li>Base en acier \u2013 Couleur Noir<\/li>\n<li>Compact et l\u00e9ger<\/li>\n<li>Housse \u00e9lastique<\/li>\n<li>R\u00e9glable en hauteur<\/li>\n<li>Design n\u00e9erlandais<\/li>\n<li>Robuste et stable<\/li>\n<li>Support de fer rotatif \u00e0 360\u00b0 pour gauchers et droitiers<\/li>\n<li>Disponible avec fer \u00e0 vapeur 1600W<\/li>\n<li>Avec l\u2019achat de chaque lot de 3 produits Roootz, Roootz plantera un arbre en coop\u00e9ration avec <a href=\"https:\/\/partners.weforest.org\/sponsor\/roootz\" target=\"_blank\" rel=\"noopener\">weforest.org<\/a><\/li>\n<\/ul>\n","protected":false},"featured_media":8946,"template":"","meta":{"_acf_changed":false},"product_brand":[],"product_cat":[93],"product_tag":[164],"class_list":{"0":"post-24801","1":"product","2":"type-product","3":"status-publish","4":"has-post-thumbnail","6":"product_cat-centres-de-repassage","7":"product_tag-164","9":"first","10":"instock","11":"shipping-taxable","12":"product-type-simple"},"acf":[],"aioseo_notices":[],"_links":{"self":[{"href":"https:\/\/www.roootz.com\/fr\/wp-json\/wp\/v2\/product\/24801","targetHints":{"allow":["GET"]}}],"collection":[{"href":"https:\/\/www.roootz.com\/fr\/wp-json\/wp\/v2\/product"}],"about":[{"href":"https:\/\/www.roootz.com\/fr\/wp-json\/wp\/v2\/types\/product"}],"wp:featuredmedia":[{"embeddable":true,"href":"https:\/\/www.roootz.com\/fr\/wp-json\/wp\/v2\/media\/8946"}],"wp:attachment":[{"href":"https:\/\/www.roootz.com\/fr\/wp-json\/wp\/v2\/media?parent=24801"}],"wp:term":[{"taxonomy":"product_brand","embeddable":true,"href":"https:\/\/www.roootz.com\/fr\/wp-json\/wp\/v2\/product_brand?post=24801"},{"taxonomy":"product_cat","embeddable":true,"href":"https:\/\/www.roootz.com\/fr\/wp-json\/wp\/v2\/product_cat?post=24801"},{"taxonomy":"product_tag","embeddable":true,"href":"https:\/\/www.roootz.com\/fr\/wp-json\/wp\/v2\/product_tag?post=24801"}],"curies":[{"name":"wp","href":"https:\/\/api.w.org\/{rel}","templated":true}]}}