{"id":24713,"date":"2023-03-07T10:22:37","date_gmt":"2023-03-07T10:22:37","guid":{"rendered":"https:\/\/roootz.com\/product\/porte-bagages-hotel-avec-dosseret\/"},"modified":"2026-02-24T13:38:09","modified_gmt":"2026-02-24T12:38:09","slug":"porte-valise-hotel-en-acier-noir-compact","status":"publish","type":"product","link":"https:\/\/www.roootz.com\/fr\/porte-bagages\/porte-valise-hotel-en-acier-noir-compact\/","title":{"rendered":"Porte-Valise h\u00f4tel"},"content":{"rendered":"<p>Ce porte valise noir est sp\u00e9cialement con\u00e7u pour les h\u00f4tels. Le support de valise est pliable de mani\u00e8re compacte et peut \u00eatre utilis\u00e9 dans la chambre d\u2019h\u00f4tel pour mettre la valise lors de l\u2019emballage et du d\u00e9ballage. Le porte-valise est en acier et a un rev\u00eatement en poudre noir. Ce support de valise peut \u00eatre combin\u00e9 avec diff\u00e9rentes sangles en cuir et en nylon. Les sangles sont attach\u00e9es via un m\u00e9canisme de bouton-pression unique. Il est ainsi tr\u00e8s facile de remplacer les sangles \u00e0 long terme ou de les nettoyer entre-temps. M\u00e9langez et assortissez le porte-bagages selon vos propres souhaits. Ce support de valise est produit avec le souci du d\u00e9tail. Les soudures sont invisibles et les patins sont sp\u00e9cialement con\u00e7us pour ce porte-bagages. Le support de valise est facile \u00e0 nettoyer avec un chiffon l\u00e9g\u00e8rement humide et n\u2019est pas aussi sensible \u00e0 l\u2019humidit\u00e9 que, par exemple, un porte-valise en bois.<\/p>\n<p>Les porte-bagages noirs compacts de Roootz sont disponibles en stock et b\u00e9n\u00e9ficient d\u2019une p\u00e9riode de garantie de 2 ans.<br \/>\nroootz plante un arbre pour 3 porte-bagages vendus en collaboration avec\u00a0<a href=\"https:\/\/partners.weforest.org\/sponsor\/roootz\" target=\"_blank\" rel=\"noopener\">WeForest<\/a><\/p>\n<p>&nbsp;<\/p>\n","protected":false},"excerpt":{"rendered":"<ul>\n<li>Acier avec rev\u00eatement en poudre noire<\/li>\n<li>Pliable \u2013 Se plie de mani\u00e8re tr\u00e8s compacte<\/li>\n<li>Garantie 2 ans<\/li>\n<li>Con\u00e7u aux Pays-Bas<\/li>\n<li>Stable et robuste<\/li>\n<li>Trois sangles solides<\/li>\n<li>Roootz plante un arbre pour 3 porte-bagages vendus en coop\u00e9ration avec <a href=\"https:\/\/partners.weforest.org\/sponsor\/roootz\" target=\"_blank\" rel=\"noopener\">weforest.org<\/a><\/li>\n<\/ul>\n","protected":false},"featured_media":9176,"template":"","meta":{"_acf_changed":false},"product_brand":[],"product_cat":[87],"product_tag":[164],"class_list":{"0":"post-24713","1":"product","2":"type-product","3":"status-publish","4":"has-post-thumbnail","6":"product_cat-porte-bagages","7":"product_tag-164","9":"first","10":"instock","11":"featured","12":"shipping-taxable","13":"product-type-simple"},"acf":[],"aioseo_notices":[],"_links":{"self":[{"href":"https:\/\/www.roootz.com\/fr\/wp-json\/wp\/v2\/product\/24713","targetHints":{"allow":["GET"]}}],"collection":[{"href":"https:\/\/www.roootz.com\/fr\/wp-json\/wp\/v2\/product"}],"about":[{"href":"https:\/\/www.roootz.com\/fr\/wp-json\/wp\/v2\/types\/product"}],"wp:featuredmedia":[{"embeddable":true,"href":"https:\/\/www.roootz.com\/fr\/wp-json\/wp\/v2\/media\/9176"}],"wp:attachment":[{"href":"https:\/\/www.roootz.com\/fr\/wp-json\/wp\/v2\/media?parent=24713"}],"wp:term":[{"taxonomy":"product_brand","embeddable":true,"href":"https:\/\/www.roootz.com\/fr\/wp-json\/wp\/v2\/product_brand?post=24713"},{"taxonomy":"product_cat","embeddable":true,"href":"https:\/\/www.roootz.com\/fr\/wp-json\/wp\/v2\/product_cat?post=24713"},{"taxonomy":"product_tag","embeddable":true,"href":"https:\/\/www.roootz.com\/fr\/wp-json\/wp\/v2\/product_tag?post=24713"}],"curies":[{"name":"wp","href":"https:\/\/api.w.org\/{rel}","templated":true}]}}