{"id":24780,"date":"2023-03-04T10:22:12","date_gmt":"2023-03-04T09:22:12","guid":{"rendered":"https:\/\/roootz.com\/product\/hervidor-de-agua-base\/"},"modified":"2025-11-26T11:24:56","modified_gmt":"2025-11-26T10:24:56","slug":"hervidor-de-agua-base","status":"publish","type":"product","link":"https:\/\/www.roootz.com\/es\/cafeteras-y-hervidores\/hervidor-de-agua-base\/","title":{"rendered":"Hervidor de agua Base"},"content":{"rendered":"<p>El hervidor de hotel Roootz Base est\u00e1 <strong>dise\u00f1ado con especial atenci\u00f3n a la seguridad, la durabilidad y el f\u00e1cil mantenimiento, exactamente lo que necesitan los profesionales del sector hotelero.<\/strong> La carcasa est\u00e1 <strong>fabricada en acero inoxidable cepillado 304 de alta calidad<\/strong>, lo que proporciona al hervidor un aspecto moderno y elegante, adem\u00e1s de garantizar una excelente resistencia al uso diario intensivo. Este material es higi\u00e9nico, resistente a la corrosi\u00f3n y f\u00e1cil de limpiar, lo que contribuye a una mayor vida \u00fatil del aparato.<\/p>\n<p>La tapa se abre de manera amplia y suave, facilitando el llenado del hervidor. Esto es ideal para hoteles donde los aparatos se utilizan con frecuencia y el mantenimiento debe seguir siendo sencillo. El interior cuenta con un <strong>elemento calefactor oculto<\/strong>, que reduce la acumulaci\u00f3n de cal y permite un f\u00e1cil acceso a todas las superficies durante la limpieza. Esto hace que el hervidor sea no solo m\u00e1s higi\u00e9nico, sino tambi\u00e9n m\u00e1s eficiente en su uso.<\/p>\n<p>Para garantizar una seguridad \u00f3ptima, el Roootz Base est\u00e1 equipado con una <strong>funci\u00f3n de apagado autom\u00e1tico<\/strong>. Esta funci\u00f3n apaga el aparato en cuanto el agua comienza a hervir y tambi\u00e9n protege a los hu\u00e9spedes y al personal si el hervidor se enciende accidentalmente estando vac\u00edo. <strong>De este modo, cumple con los altos est\u00e1ndares de seguridad exigidos en hoteles y otros alojamientos profesionales.<\/strong><\/p>\n","protected":false},"excerpt":{"rendered":"<ul>\n<li>Hervidor de agua 1 Litro<\/li>\n<li>Acero inoxidable cepillado 304<\/li>\n<li>Elemento de calentamiento integrado<\/li>\n<li>Filtro anti-cal desprendible<\/li>\n<li>Apertura autom\u00e1tica de la tapa<\/li>\n<li>Bot\u00f3n on\/off Luz indicadora Apagado autom\u00e1tico<\/li>\n<li>360\u00b0 cable, utilizable para hu\u00e9spedes diestros y zurdos (amigable al usuario)<\/li>\n<li>Capacidad 1.0 litro. 1500W<\/li>\n<li>Aprobado por CE, CB, GS y RoHS (Intertek)<\/li>\n<li>Controlador STRIX brit\u00e1nico genuino, el controlador m\u00e1s seguro del mundo<\/li>\n<\/ul>\n","protected":false},"featured_media":35484,"template":"","meta":{"_acf_changed":false},"product_brand":[],"product_cat":[172],"product_tag":[164],"class_list":{"0":"post-24780","1":"product","2":"type-product","3":"status-publish","4":"has-post-thumbnail","6":"product_cat-cafeteras-y-hervidores","7":"product_tag-164","9":"first","10":"instock","11":"shipping-taxable","12":"product-type-simple"},"acf":[],"aioseo_notices":[],"_links":{"self":[{"href":"https:\/\/www.roootz.com\/es\/wp-json\/wp\/v2\/product\/24780","targetHints":{"allow":["GET"]}}],"collection":[{"href":"https:\/\/www.roootz.com\/es\/wp-json\/wp\/v2\/product"}],"about":[{"href":"https:\/\/www.roootz.com\/es\/wp-json\/wp\/v2\/types\/product"}],"wp:featuredmedia":[{"embeddable":true,"href":"https:\/\/www.roootz.com\/es\/wp-json\/wp\/v2\/media\/35484"}],"wp:attachment":[{"href":"https:\/\/www.roootz.com\/es\/wp-json\/wp\/v2\/media?parent=24780"}],"wp:term":[{"taxonomy":"product_brand","embeddable":true,"href":"https:\/\/www.roootz.com\/es\/wp-json\/wp\/v2\/product_brand?post=24780"},{"taxonomy":"product_cat","embeddable":true,"href":"https:\/\/www.roootz.com\/es\/wp-json\/wp\/v2\/product_cat?post=24780"},{"taxonomy":"product_tag","embeddable":true,"href":"https:\/\/www.roootz.com\/es\/wp-json\/wp\/v2\/product_tag?post=24780"}],"curies":[{"name":"wp","href":"https:\/\/api.w.org\/{rel}","templated":true}]}}