{"id":32870,"date":"2023-03-05T10:23:33","date_gmt":"2023-03-05T09:23:33","guid":{"rendered":"https:\/\/www.roootz.com\/?post_type=product&#038;p=32870"},"modified":"2025-11-13T09:51:00","modified_gmt":"2025-11-13T08:51:00","slug":"schwarzer-wasserkocher-1l-fur-hotels-heat","status":"publish","type":"product","link":"https:\/\/www.roootz.com\/de\/kaffeemaschinen-und-wasserkocher\/schwarzer-wasserkocher-1l-fur-hotels-heat\/","title":{"rendered":"Schwarzer Wasserkocher 1L f\u00fcr Hotels"},"content":{"rendered":"<p><strong>Schwarzer Wasserkocher f\u00fcr Hotels mit einem Fassungsverm\u00f6gen von 1 Liter<\/strong><br \/>\nDieser Wasserkocher eignet sich perfekt f\u00fcr die Verwendung auf den Roootz-Bewirtungstabletts. Die mattschwarze Oberfl\u00e4che verleiht diesem Wasserkocher ein sch\u00f6nes Aussehen. Der Preis dieses Wasserkochers ist sehr g\u00fcnstig.<\/p>\n<p><u>Eigenschaften:<br \/>\n<\/u><strong>Stilvolles mattschwarzes Finish<br \/>\n<\/strong>Unser Wasserkocher besteht aus hochwertigem Polypropylen und hat eine mattschwarze Oberfl\u00e4che. Das Heizelement besteht aus Edelstahl 304. Der Wasserkocher hat ein modernes Aussehen.<\/p>\n<p><strong>Sicherheit und Zertifizierungen<br \/>\n<\/strong>Sicherheit steht beim Kauf von Hotelwasserkochern im Mittelpunkt. Mit Zertifikaten von CE, CB, GS und RoHS (Intertek) k\u00f6nnen Sie sich auf h\u00f6chste Standards in Sicherheit und Qualit\u00e4t verlassen. Der original britische STRIX-Controller sorgt f\u00fcr zuverl\u00e4ssige Leistung.<\/p>\n<p><strong>Intelligente Sicherheitsfunktionen<\/strong><br \/>\nDer Wasserkocher ist mit einer automatischen Abschaltung beim Kochen, einem Trockengehschutz und einer praktischen Kontrollleuchte im Schalter ausgestattet.<\/p>\n<p><strong>Benutzerfreundlich und flexibel<br \/>\n<\/strong>Durch die 360\u00b0-Akku-Funktion ist dieser Wasserkocher f\u00fcr Links- und Rechtsh\u00e4nder einfach zu bedienen und somit eine willkommene Erg\u00e4nzung f\u00fcr alle.<\/p>\n<p><strong>Sofort verf\u00fcgbar<br \/>\n<\/strong>Dieser schwarze Wasserkocher ist sofort ab Lager lieferbar.<\/p>\n","protected":false},"excerpt":{"rendered":"<ul>\n<li>Mattschwarzes Polypropylen<\/li>\n<li>Kapazit\u00e4t 1 l \u2013 Leistung: 1500 W<\/li>\n<li>Budgetfreundliches Modell<\/li>\n<li>CE-, CB-, GS- und RoHS-Zulassung (Intertek)<\/li>\n<li>Original britischer STRIX-Controller<\/li>\n<li>Automatische Abschaltung beim Kochen, Trockengehschutz und Kontrollleuchte<\/li>\n<li>Heizelement aus Edelstahl 304<\/li>\n<li>360\u00b0 kabellos, sowohl f\u00fcr Links- als auch f\u00fcr Rechtsh\u00e4nder geeignet<\/li>\n<li>Direkt ab Lager lieferbar<\/li>\n<\/ul>\n","protected":false},"featured_media":32948,"template":"","meta":{"_acf_changed":false},"product_brand":[],"product_cat":[170],"product_tag":[164],"class_list":{"0":"post-32870","1":"product","2":"type-product","3":"status-publish","4":"has-post-thumbnail","6":"product_cat-kaffeemaschinen-und-wasserkocher","7":"product_tag-164","9":"first","10":"instock","11":"shipping-taxable","12":"product-type-simple"},"acf":[],"aioseo_notices":[],"_links":{"self":[{"href":"https:\/\/www.roootz.com\/de\/wp-json\/wp\/v2\/product\/32870","targetHints":{"allow":["GET"]}}],"collection":[{"href":"https:\/\/www.roootz.com\/de\/wp-json\/wp\/v2\/product"}],"about":[{"href":"https:\/\/www.roootz.com\/de\/wp-json\/wp\/v2\/types\/product"}],"wp:featuredmedia":[{"embeddable":true,"href":"https:\/\/www.roootz.com\/de\/wp-json\/wp\/v2\/media\/32948"}],"wp:attachment":[{"href":"https:\/\/www.roootz.com\/de\/wp-json\/wp\/v2\/media?parent=32870"}],"wp:term":[{"taxonomy":"product_brand","embeddable":true,"href":"https:\/\/www.roootz.com\/de\/wp-json\/wp\/v2\/product_brand?post=32870"},{"taxonomy":"product_cat","embeddable":true,"href":"https:\/\/www.roootz.com\/de\/wp-json\/wp\/v2\/product_cat?post=32870"},{"taxonomy":"product_tag","embeddable":true,"href":"https:\/\/www.roootz.com\/de\/wp-json\/wp\/v2\/product_tag?post=32870"}],"curies":[{"name":"wp","href":"https:\/\/api.w.org\/{rel}","templated":true}]}}